{"id":4529,"date":"2024-05-27T21:18:47","date_gmt":"2024-05-27T21:18:47","guid":{"rendered":"https:\/\/issyinformatica.es\/unninounasonrisa\/?page_id=4529"},"modified":"2024-05-30T11:08:36","modified_gmt":"2024-05-30T11:08:36","slug":"nuestra-historia","status":"publish","type":"page","link":"https:\/\/unninounasonrisa.com\/index.php\/nuestra-historia\/","title":{"rendered":"Nuestra Historia"},"content":{"rendered":"\t\t<div data-elementor-type=\"wp-page\" data-elementor-id=\"4529\" class=\"elementor elementor-4529\">\n\t\t\t\t\t\t<section class=\"elementor-section elementor-top-section elementor-element elementor-element-42f9d311 elementor-section-stretched cd-bg-color-white elementor-section-boxed elementor-section-height-default elementor-section-height-default\" data-id=\"42f9d311\" data-element_type=\"section\" data-settings=\"{&quot;stretch_section&quot;:&quot;section-stretched&quot;}\">\n\t\t\t\t\t\t<div class=\"elementor-container elementor-column-gap-default\">\n\t\t\t\t\t<div class=\"elementor-column elementor-col-100 elementor-top-column elementor-element elementor-element-563fbeae cd-bg-color-transparent\" data-id=\"563fbeae\" data-element_type=\"column\">\n\t\t\t<div class=\"elementor-widget-wrap elementor-element-populated\">\n\t\t\t\t\t\t<div class=\"elementor-element elementor-element-7e8ed036 elementor-widget elementor-widget-parezy-custom-heading\" data-id=\"7e8ed036\" data-element_type=\"widget\" data-widget_type=\"parezy-custom-heading.default\">\n\t\t\t\t<div class=\"elementor-widget-container\">\n\t\t\t\t\t<div class=\"tcr_custom_heading_wrapper tcr-custom-heading1881759835 custom-heading-style-1 heading-alignment-center\">\r\n\t\t\t<div class=\"tcr-custom-heading-wrapper\">\r\n\t\t\t<div class=\"tcr-heading-subtitle-wrapper subtitle-text-\">\r\n\t\t\t<h3 class=\"heading-subtitle\">\r\n\t\t\t\tQUE HACEMOS\t\t\t<\/h3>\r\n\t\t<\/div>\r\n\t\t\t\t<div class=\"tcr-heading-title-wrapper title-text-\">\r\n\t\t\t<h3 class=\"heading-title\">\r\n\t\t\t\tNuestros objetivos\t\t\t<\/h3>\r\n\t\t<\/div>\r\n\t\t<\/div>\r\n\t\t<\/div>\r\n\t\t\t\t<\/div>\n\t\t\t\t<\/div>\n\t\t\t\t<section class=\"elementor-section elementor-inner-section elementor-element elementor-element-11a8086e infobox-style-4-counter elementor-section-boxed elementor-section-height-default elementor-section-height-default cd-bg-color-transparent\" data-id=\"11a8086e\" data-element_type=\"section\">\n\t\t\t\t\t\t<div class=\"elementor-container elementor-column-gap-no\">\n\t\t\t\t\t<div class=\"elementor-column elementor-col-33 elementor-inner-column elementor-element elementor-element-60c26b09 cd-bg-color-transparent\" data-id=\"60c26b09\" data-element_type=\"column\">\n\t\t\t<div class=\"elementor-widget-wrap elementor-element-populated\">\n\t\t\t\t\t\t<div class=\"elementor-element elementor-element-13dcb454 infobox-style-4-counter1 elementor-widget elementor-widget-parezy-infobox\" data-id=\"13dcb454\" data-element_type=\"widget\" data-widget_type=\"parezy-infobox.default\">\n\t\t\t\t<div class=\"elementor-widget-container\">\n\t\t\t\t\t<div class=\"tcr-elementor-widgettcr_infobox_wrapper infobox-style-4 tcr-infobox1437591805 icon-type-font\">\r\n\t\t\t<div class=\"tcr-infobox-wrapper\">\r\n\t<div class=\"tcr-infobox-inner\">\r\n\t\t\t\t\t<div class=\"tcr-infobox-icon\"><i aria-hidden=\"true\" class=\"flaticon flaticon-storytelling\"><\/i><\/div>\r\n\t\t\t\t\t<\/div>\r\n<\/div>\r\n<div class=\"tcr-infobox-content\">\r\n\t\t\t\t<h3 class=\"tcr-infobox-title\">Acompa\u00f1arles<\/h3>\r\n\t\t\t\t\t<div class=\"tcr-infobox-text\">Nuestro primer objetivo estar a su lado y sacarle una sonrisa.<\/div>\r\n\t\t<\/div>\r\n\t\t<\/div>\r\n\t\t\t\t<\/div>\n\t\t\t\t<\/div>\n\t\t\t\t\t<\/div>\n\t\t<\/div>\n\t\t\t\t<div class=\"elementor-column elementor-col-33 elementor-inner-column elementor-element elementor-element-4fdc4850 cd-bg-color-transparent\" data-id=\"4fdc4850\" data-element_type=\"column\">\n\t\t\t<div class=\"elementor-widget-wrap elementor-element-populated\">\n\t\t\t\t\t\t<div class=\"elementor-element elementor-element-55195159 infobox-style-4-counter2 elementor-widget elementor-widget-parezy-infobox\" data-id=\"55195159\" data-element_type=\"widget\" data-widget_type=\"parezy-infobox.default\">\n\t\t\t\t<div class=\"elementor-widget-container\">\n\t\t\t\t\t<div class=\"tcr-elementor-widgettcr_infobox_wrapper infobox-style-4 tcr-infobox1646519660 icon-type-font\">\r\n\t\t\t<div class=\"tcr-infobox-wrapper\">\r\n\t<div class=\"tcr-infobox-inner\">\r\n\t\t\t\t\t<div class=\"tcr-infobox-icon\"><i aria-hidden=\"true\" class=\"flaticon flaticon-talk\"><\/i><\/div>\r\n\t\t\t\t\t<\/div>\r\n<\/div>\r\n<div class=\"tcr-infobox-content\">\r\n\t\t\t\t<h3 class=\"tcr-infobox-title\">Conversar<\/h3>\r\n\t\t\t\t\t<div class=\"tcr-infobox-text\">Nos gusta que nos cuente sus ilusiones, dejar que se exprese con total libertad.<\/div>\r\n\t\t<\/div>\r\n\t\t<\/div>\r\n\t\t\t\t<\/div>\n\t\t\t\t<\/div>\n\t\t\t\t\t<\/div>\n\t\t<\/div>\n\t\t\t\t<div class=\"elementor-column elementor-col-33 elementor-inner-column elementor-element elementor-element-226608b0 cd-bg-color-transparent\" data-id=\"226608b0\" data-element_type=\"column\">\n\t\t\t<div class=\"elementor-widget-wrap elementor-element-populated\">\n\t\t\t\t\t\t<div class=\"elementor-element elementor-element-5f37f455 infobox-style-4-counter3 elementor-widget elementor-widget-parezy-infobox\" data-id=\"5f37f455\" data-element_type=\"widget\" data-widget_type=\"parezy-infobox.default\">\n\t\t\t\t<div class=\"elementor-widget-container\">\n\t\t\t\t\t<div class=\"tcr-elementor-widgettcr_infobox_wrapper infobox-style-4 tcr-infobox1659460889 icon-type-font\">\r\n\t\t\t<div class=\"tcr-infobox-wrapper\">\r\n\t<div class=\"tcr-infobox-inner\">\r\n\t\t\t\t\t<div class=\"tcr-infobox-icon\"><i aria-hidden=\"true\" class=\"flaticon flaticon-translation-1\"><\/i><\/div>\r\n\t\t\t\t\t<\/div>\r\n<\/div>\r\n<div class=\"tcr-infobox-content\">\r\n\t\t\t\t<h3 class=\"tcr-infobox-title\">Terapia<\/h3>\r\n\t\t\t\t\t<div class=\"tcr-infobox-text\">Son momentos que no olvidar\u00e1, una buena terapia en momentos dif\u00edciles.<\/div>\r\n\t\t<\/div>\r\n\t\t<\/div>\r\n\t\t\t\t<\/div>\n\t\t\t\t<\/div>\n\t\t\t\t\t<\/div>\n\t\t<\/div>\n\t\t\t\t\t<\/div>\n\t\t<\/section>\n\t\t\t\t\t<\/div>\n\t\t<\/div>\n\t\t\t\t\t<\/div>\n\t\t<\/section>\n\t\t\t\t<section class=\"elementor-section elementor-top-section elementor-element elementor-element-64be7011 elementor-section-stretched cd-bg-color-quinary elementor-section-boxed elementor-section-height-default elementor-section-height-default\" data-id=\"64be7011\" data-element_type=\"section\" data-settings=\"{&quot;stretch_section&quot;:&quot;section-stretched&quot;,&quot;background_background&quot;:&quot;classic&quot;}\">\n\t\t\t\t\t\t<div class=\"elementor-container elementor-column-gap-default\">\n\t\t\t\t\t<div class=\"elementor-column elementor-col-100 elementor-top-column elementor-element elementor-element-f089599 cd-bg-color-transparent\" data-id=\"f089599\" data-element_type=\"column\">\n\t\t\t<div class=\"elementor-widget-wrap elementor-element-populated\">\n\t\t\t\t\t\t<section class=\"elementor-section elementor-inner-section elementor-element elementor-element-4b62b2f1 elementor-section-boxed elementor-section-height-default elementor-section-height-default cd-bg-color-transparent\" data-id=\"4b62b2f1\" data-element_type=\"section\">\n\t\t\t\t\t\t<div class=\"elementor-container elementor-column-gap-default\">\n\t\t\t\t\t<div class=\"elementor-column elementor-col-100 elementor-inner-column elementor-element elementor-element-29f9c733 cd-bg-color-transparent\" data-id=\"29f9c733\" data-element_type=\"column\">\n\t\t\t<div class=\"elementor-widget-wrap elementor-element-populated\">\n\t\t\t\t\t\t<div class=\"elementor-element elementor-element-e71a49c elementor-widget elementor-widget-parezy-custom-heading\" data-id=\"e71a49c\" data-element_type=\"widget\" data-widget_type=\"parezy-custom-heading.default\">\n\t\t\t\t<div class=\"elementor-widget-container\">\n\t\t\t\t\t<div class=\"tcr_custom_heading_wrapper tcr-custom-heading556119637 custom-heading-style-1 heading-alignment-center\">\r\n\t\t\t<div class=\"tcr-custom-heading-wrapper\">\r\n\t\t\t<div class=\"tcr-heading-subtitle-wrapper subtitle-text-\">\r\n\t\t\t<h3 class=\"heading-subtitle\">\r\n\t\t\t\tUn poco de histor\u00eda\t\t\t<\/h3>\r\n\t\t<\/div>\r\n\t\t\t\t<div class=\"tcr-heading-title-wrapper title-text-\">\r\n\t\t\t<h3 class=\"heading-title\">\r\n\t\t\t\tComienzos\t\t\t<\/h3>\r\n\t\t<\/div>\r\n\t\t<\/div>\r\n\t\t<\/div>\r\n\t\t\t\t<\/div>\n\t\t\t\t<\/div>\n\t\t\t\t\t<\/div>\n\t\t<\/div>\n\t\t\t\t\t<\/div>\n\t\t<\/section>\n\t\t\t\t<section class=\"elementor-section elementor-inner-section elementor-element elementor-element-3dcde6f2 time-line-history elementor-section-content-middle elementor-section-boxed elementor-section-height-default elementor-section-height-default cd-bg-color-transparent\" data-id=\"3dcde6f2\" data-element_type=\"section\">\n\t\t\t\t\t\t<div class=\"elementor-container elementor-column-gap-default\">\n\t\t\t\t\t<div class=\"elementor-column elementor-col-50 elementor-inner-column elementor-element elementor-element-3a01e7cd time-line-img cd-bg-color-transparent\" data-id=\"3a01e7cd\" data-element_type=\"column\">\n\t\t\t<div class=\"elementor-widget-wrap elementor-element-populated\">\n\t\t\t\t\t\t<div class=\"elementor-element elementor-element-2fe4ec43 elementor-widget elementor-widget-image\" data-id=\"2fe4ec43\" data-element_type=\"widget\" data-widget_type=\"image.default\">\n\t\t\t\t<div class=\"elementor-widget-container\">\n\t\t\t\t\t\t\t\t\t\t\t\t\t<img fetchpriority=\"high\" decoding=\"async\" width=\"600\" height=\"600\" src=\"https:\/\/unninounasonrisa.com\/wp-content\/uploads\/2024\/05\/LOGO-CUADRADO-600x600.png\" class=\"attachment-parezy-600x600 size-parezy-600x600 wp-image-4648\" alt=\"\" srcset=\"https:\/\/unninounasonrisa.com\/wp-content\/uploads\/2024\/05\/LOGO-CUADRADO-600x600.png 600w, https:\/\/unninounasonrisa.com\/wp-content\/uploads\/2024\/05\/LOGO-CUADRADO-150x150.png 150w\" sizes=\"(max-width: 600px) 100vw, 600px\" \/>\t\t\t\t\t\t\t\t\t\t\t\t\t<\/div>\n\t\t\t\t<\/div>\n\t\t\t\t\t<\/div>\n\t\t<\/div>\n\t\t\t\t<div class=\"elementor-column elementor-col-50 elementor-inner-column elementor-element elementor-element-5bf57901 time-line-conteant cd-bg-color-transparent\" data-id=\"5bf57901\" data-element_type=\"column\">\n\t\t\t<div class=\"elementor-widget-wrap elementor-element-populated\">\n\t\t\t\t\t\t<div class=\"elementor-element elementor-element-2d376b94 time-line-lable elementor-widget__width-auto elementor-widget elementor-widget-heading\" data-id=\"2d376b94\" data-element_type=\"widget\" data-widget_type=\"heading.default\">\n\t\t\t\t<div class=\"elementor-widget-container\">\n\t\t\t<div class=\"elementor-heading-title elementor-size-default\">2017<\/div>\t\t<\/div>\n\t\t\t\t<\/div>\n\t\t\t\t<div class=\"elementor-element elementor-element-7afdc325 elementor-widget elementor-widget-heading\" data-id=\"7afdc325\" data-element_type=\"widget\" data-widget_type=\"heading.default\">\n\t\t\t\t<div class=\"elementor-widget-container\">\n\t\t\t<h2 class=\"elementor-heading-title elementor-size-default\">Solo nos mueve la ilusi\u00f3n de verles sonre\u00edr.<\/h2>\t\t<\/div>\n\t\t\t\t<\/div>\n\t\t\t\t<div class=\"elementor-element elementor-element-1da082d elementor-widget elementor-widget-text-editor\" data-id=\"1da082d\" data-element_type=\"widget\" data-widget_type=\"text-editor.default\">\n\t\t\t\t<div class=\"elementor-widget-container\">\n\t\t\t\t\t\t\t<p><strong>La Asociaci\u00f3n Superh\u00e9roes un Ni\u00f1o una Sonrisa es una asociaci\u00f3n que naci\u00f3 de un grupo de amigos sin \u00e1nimo de lucro cuyo objetivo principal es el de realizar visitas a los ni\u00f1os hospitalizados en el Materno Infantil de M\u00e1laga, aunque cada vez trabajamos m\u00e1s para poder realizar visitas a otros hospitales y m\u00e1s ubicaciones como casas particulares para esas personas que lo necesitan. Todo el material es sufragado bien por nosotros o por donaciones de aquellos que colaboran con esta causa. Lo mejor de todo es el buen rato que intentamos llevarles adem\u00e1s de los momentos de risas y diversi\u00f3n que se generan cuando estamos con ellos.<\/strong><\/p><p>\u00a0<\/p>\t\t\t\t\t\t<\/div>\n\t\t\t\t<\/div>\n\t\t\t\t\t<\/div>\n\t\t<\/div>\n\t\t\t\t\t<\/div>\n\t\t<\/section>\n\t\t\t\t<section class=\"elementor-section elementor-inner-section elementor-element elementor-element-ab53e97 time-line-history elementor-section-content-middle elementor-hidden-desktop elementor-hidden-tablet elementor-hidden-mobile elementor-section-boxed elementor-section-height-default elementor-section-height-default cd-bg-color-transparent\" data-id=\"ab53e97\" data-element_type=\"section\">\n\t\t\t\t\t\t<div class=\"elementor-container elementor-column-gap-default\">\n\t\t\t\t\t<div class=\"elementor-column elementor-col-50 elementor-inner-column elementor-element elementor-element-e264317 time-line-img cd-bg-color-transparent\" data-id=\"e264317\" data-element_type=\"column\">\n\t\t\t<div class=\"elementor-widget-wrap elementor-element-populated\">\n\t\t\t\t\t\t<div class=\"elementor-element elementor-element-f06e2f1 elementor-widget elementor-widget-image\" data-id=\"f06e2f1\" data-element_type=\"widget\" data-widget_type=\"image.default\">\n\t\t\t\t<div class=\"elementor-widget-container\">\n\t\t\t\t\t\t\t\t\t\t\t\t\t<img decoding=\"async\" src=\"https:\/\/unninounasonrisa.com\/wp-content\/uploads\/elementor\/thumbs\/img-03-qleiiy4n62c6a8yzs6u5ws1kbw3xv3dm8qjv9ykurc.jpg\" title=\"img-03.jpg\" alt=\"img-03.jpg\" loading=\"lazy\" \/>\t\t\t\t\t\t\t\t\t\t\t\t\t<\/div>\n\t\t\t\t<\/div>\n\t\t\t\t\t<\/div>\n\t\t<\/div>\n\t\t\t\t<div class=\"elementor-column elementor-col-50 elementor-inner-column elementor-element elementor-element-cf5fef1 time-line-conteant cd-bg-color-transparent\" data-id=\"cf5fef1\" data-element_type=\"column\">\n\t\t\t<div class=\"elementor-widget-wrap elementor-element-populated\">\n\t\t\t\t\t\t<div class=\"elementor-element elementor-element-6a86553 time-line-lable elementor-widget__width-auto elementor-widget elementor-widget-heading\" data-id=\"6a86553\" data-element_type=\"widget\" data-widget_type=\"heading.default\">\n\t\t\t\t<div class=\"elementor-widget-container\">\n\t\t\t<div class=\"elementor-heading-title elementor-size-default\">2010<\/div>\t\t<\/div>\n\t\t\t\t<\/div>\n\t\t\t\t<div class=\"elementor-element elementor-element-23dae6d elementor-widget elementor-widget-heading\" data-id=\"23dae6d\" data-element_type=\"widget\" data-widget_type=\"heading.default\">\n\t\t\t\t<div class=\"elementor-widget-container\">\n\t\t\t<h2 class=\"elementor-heading-title elementor-size-default\">\tStart With a Small Service<\/h2>\t\t<\/div>\n\t\t\t\t<\/div>\n\t\t\t\t<div class=\"elementor-element elementor-element-5a33b37 elementor-widget elementor-widget-text-editor\" data-id=\"5a33b37\" data-element_type=\"widget\" data-widget_type=\"text-editor.default\">\n\t\t\t\t<div class=\"elementor-widget-container\">\n\t\t\t\t\t\t\t<p>It is a long established fact that a reader will be distracted by the readable content of a page when looking at its layout. It is a long established fact that a reader will be distracted by the readable content of a page when looking at its layout established fact that.<\/p>\t\t\t\t\t\t<\/div>\n\t\t\t\t<\/div>\n\t\t\t\t\t<\/div>\n\t\t<\/div>\n\t\t\t\t\t<\/div>\n\t\t<\/section>\n\t\t\t\t<section class=\"elementor-section elementor-inner-section elementor-element elementor-element-40754641 time-line-history elementor-section-content-middle elementor-hidden-desktop elementor-hidden-tablet elementor-hidden-mobile elementor-section-boxed elementor-section-height-default elementor-section-height-default cd-bg-color-transparent\" data-id=\"40754641\" data-element_type=\"section\">\n\t\t\t\t\t\t<div class=\"elementor-container elementor-column-gap-default\">\n\t\t\t\t\t<div class=\"elementor-column elementor-col-50 elementor-inner-column elementor-element elementor-element-3ccb4669 time-line-conteant cd-bg-color-transparent\" data-id=\"3ccb4669\" data-element_type=\"column\">\n\t\t\t<div class=\"elementor-widget-wrap elementor-element-populated\">\n\t\t\t\t\t\t<div class=\"elementor-element elementor-element-43056e2c time-line-lable elementor-widget__width-auto elementor-widget elementor-widget-heading\" data-id=\"43056e2c\" data-element_type=\"widget\" data-widget_type=\"heading.default\">\n\t\t\t\t<div class=\"elementor-widget-container\">\n\t\t\t<div class=\"elementor-heading-title elementor-size-default\">2014<\/div>\t\t<\/div>\n\t\t\t\t<\/div>\n\t\t\t\t<div class=\"elementor-element elementor-element-4befc3a5 elementor-widget elementor-widget-heading\" data-id=\"4befc3a5\" data-element_type=\"widget\" data-widget_type=\"heading.default\">\n\t\t\t\t<div class=\"elementor-widget-container\">\n\t\t\t<h2 class=\"elementor-heading-title elementor-size-default\">First Expansion<\/h2>\t\t<\/div>\n\t\t\t\t<\/div>\n\t\t\t\t<div class=\"elementor-element elementor-element-1cd20df1 elementor-widget elementor-widget-text-editor\" data-id=\"1cd20df1\" data-element_type=\"widget\" data-widget_type=\"text-editor.default\">\n\t\t\t\t<div class=\"elementor-widget-container\">\n\t\t\t\t\t\t\t<p>It is a long established fact that a reader will be distracted by the readable content of a page when looking at its layout. It is a long established fact that a reader will be distracted by the readable content of a page when looking at its layout established fact that.<\/p>\t\t\t\t\t\t<\/div>\n\t\t\t\t<\/div>\n\t\t\t\t\t<\/div>\n\t\t<\/div>\n\t\t\t\t<div class=\"elementor-column elementor-col-50 elementor-inner-column elementor-element elementor-element-411c2824 time-line-img cd-bg-color-transparent\" data-id=\"411c2824\" data-element_type=\"column\">\n\t\t\t<div class=\"elementor-widget-wrap elementor-element-populated\">\n\t\t\t\t\t\t<div class=\"elementor-element elementor-element-4edd2db elementor-widget elementor-widget-image\" data-id=\"4edd2db\" data-element_type=\"widget\" data-widget_type=\"image.default\">\n\t\t\t\t<div class=\"elementor-widget-container\">\n\t\t\t\t\t\t\t\t\t\t\t\t\t<img decoding=\"async\" src=\"https:\/\/unninounasonrisa.com\/wp-content\/uploads\/elementor\/thumbs\/img-03-qleiiy4n62c6a8yzs6u5ws1kbw3xv3dm8qjv9ykurc.jpg\" title=\"img-03.jpg\" alt=\"img-03.jpg\" loading=\"lazy\" \/>\t\t\t\t\t\t\t\t\t\t\t\t\t<\/div>\n\t\t\t\t<\/div>\n\t\t\t\t\t<\/div>\n\t\t<\/div>\n\t\t\t\t\t<\/div>\n\t\t<\/section>\n\t\t\t\t<section class=\"elementor-section elementor-inner-section elementor-element elementor-element-6acf77d0 time-line-history elementor-section-content-middle elementor-hidden-desktop elementor-hidden-tablet elementor-hidden-mobile elementor-section-boxed elementor-section-height-default elementor-section-height-default cd-bg-color-transparent\" data-id=\"6acf77d0\" data-element_type=\"section\">\n\t\t\t\t\t\t<div class=\"elementor-container elementor-column-gap-default\">\n\t\t\t\t\t<div class=\"elementor-column elementor-col-50 elementor-inner-column elementor-element elementor-element-76e865af time-line-img cd-bg-color-transparent\" data-id=\"76e865af\" data-element_type=\"column\">\n\t\t\t<div class=\"elementor-widget-wrap elementor-element-populated\">\n\t\t\t\t\t\t<div class=\"elementor-element elementor-element-a2942b3 elementor-widget elementor-widget-image\" data-id=\"a2942b3\" data-element_type=\"widget\" data-widget_type=\"image.default\">\n\t\t\t\t<div class=\"elementor-widget-container\">\n\t\t\t\t\t\t\t\t\t\t\t\t\t<img decoding=\"async\" src=\"https:\/\/unninounasonrisa.com\/wp-content\/uploads\/elementor\/thumbs\/img-03-qleiiy4n62c6a8yzs6u5ws1kbw3xv3dm8qjv9ykurc.jpg\" title=\"img-03.jpg\" alt=\"img-03.jpg\" loading=\"lazy\" \/>\t\t\t\t\t\t\t\t\t\t\t\t\t<\/div>\n\t\t\t\t<\/div>\n\t\t\t\t\t<\/div>\n\t\t<\/div>\n\t\t\t\t<div class=\"elementor-column elementor-col-50 elementor-inner-column elementor-element elementor-element-2990e686 time-line-conteant cd-bg-color-transparent\" data-id=\"2990e686\" data-element_type=\"column\">\n\t\t\t<div class=\"elementor-widget-wrap elementor-element-populated\">\n\t\t\t\t\t\t<div class=\"elementor-element elementor-element-4ac93253 time-line-lable elementor-widget__width-auto elementor-widget elementor-widget-heading\" data-id=\"4ac93253\" data-element_type=\"widget\" data-widget_type=\"heading.default\">\n\t\t\t\t<div class=\"elementor-widget-container\">\n\t\t\t<div class=\"elementor-heading-title elementor-size-default\">2016<\/div>\t\t<\/div>\n\t\t\t\t<\/div>\n\t\t\t\t<div class=\"elementor-element elementor-element-7d42099 elementor-widget elementor-widget-heading\" data-id=\"7d42099\" data-element_type=\"widget\" data-widget_type=\"heading.default\">\n\t\t\t\t<div class=\"elementor-widget-container\">\n\t\t\t<h2 class=\"elementor-heading-title elementor-size-default\">Become Recognized Company<\/h2>\t\t<\/div>\n\t\t\t\t<\/div>\n\t\t\t\t<div class=\"elementor-element elementor-element-ecda00a elementor-widget elementor-widget-text-editor\" data-id=\"ecda00a\" data-element_type=\"widget\" data-widget_type=\"text-editor.default\">\n\t\t\t\t<div class=\"elementor-widget-container\">\n\t\t\t\t\t\t\t<p>It is a long established fact that a reader will be distracted by the readable content of a page when looking at its layout. It is a long established fact that a reader will be distracted by the readable content of a page when looking at its layout established fact that.<\/p>\t\t\t\t\t\t<\/div>\n\t\t\t\t<\/div>\n\t\t\t\t\t<\/div>\n\t\t<\/div>\n\t\t\t\t\t<\/div>\n\t\t<\/section>\n\t\t\t\t<section class=\"elementor-section elementor-inner-section elementor-element elementor-element-632842ea time-line-history time-line-history-last elementor-section-content-middle elementor-hidden-desktop elementor-hidden-tablet elementor-hidden-mobile elementor-section-boxed elementor-section-height-default elementor-section-height-default cd-bg-color-transparent\" data-id=\"632842ea\" data-element_type=\"section\">\n\t\t\t\t\t\t<div class=\"elementor-container elementor-column-gap-default\">\n\t\t\t\t\t<div class=\"elementor-column elementor-col-50 elementor-inner-column elementor-element elementor-element-40a6f28e time-line-conteant cd-bg-color-transparent\" data-id=\"40a6f28e\" data-element_type=\"column\">\n\t\t\t<div class=\"elementor-widget-wrap elementor-element-populated\">\n\t\t\t\t\t\t<div class=\"elementor-element elementor-element-456dcb34 time-line-lable elementor-widget__width-auto elementor-widget elementor-widget-heading\" data-id=\"456dcb34\" data-element_type=\"widget\" data-widget_type=\"heading.default\">\n\t\t\t\t<div class=\"elementor-widget-container\">\n\t\t\t<div class=\"elementor-heading-title elementor-size-default\">2020<\/div>\t\t<\/div>\n\t\t\t\t<\/div>\n\t\t\t\t<div class=\"elementor-element elementor-element-113e3bd6 elementor-widget elementor-widget-heading\" data-id=\"113e3bd6\" data-element_type=\"widget\" data-widget_type=\"heading.default\">\n\t\t\t\t<div class=\"elementor-widget-container\">\n\t\t\t<h2 class=\"elementor-heading-title elementor-size-default\">Opening Branch in World<\/h2>\t\t<\/div>\n\t\t\t\t<\/div>\n\t\t\t\t<div class=\"elementor-element elementor-element-389760ad elementor-widget elementor-widget-text-editor\" data-id=\"389760ad\" data-element_type=\"widget\" data-widget_type=\"text-editor.default\">\n\t\t\t\t<div class=\"elementor-widget-container\">\n\t\t\t\t\t\t\t<p>It is a long established fact that a reader will be distracted by the readable content of a page when looking at its layout. It is a long established fact that a reader will be distracted by the readable content of a page when looking at its layout established fact that.<\/p>\t\t\t\t\t\t<\/div>\n\t\t\t\t<\/div>\n\t\t\t\t\t<\/div>\n\t\t<\/div>\n\t\t\t\t<div class=\"elementor-column elementor-col-50 elementor-inner-column elementor-element elementor-element-76469673 time-line-img cd-bg-color-transparent\" data-id=\"76469673\" data-element_type=\"column\">\n\t\t\t<div class=\"elementor-widget-wrap elementor-element-populated\">\n\t\t\t\t\t\t<div class=\"elementor-element elementor-element-2364cc8e elementor-widget elementor-widget-image\" data-id=\"2364cc8e\" data-element_type=\"widget\" data-widget_type=\"image.default\">\n\t\t\t\t<div class=\"elementor-widget-container\">\n\t\t\t\t\t\t\t\t\t\t\t\t\t<img decoding=\"async\" src=\"https:\/\/unninounasonrisa.com\/wp-content\/uploads\/elementor\/thumbs\/img-03-qleiiy4n62c6a8yzs6u5ws1kbw3xv3dm8qjv9ykurc.jpg\" title=\"img-03.jpg\" alt=\"img-03.jpg\" loading=\"lazy\" \/>\t\t\t\t\t\t\t\t\t\t\t\t\t<\/div>\n\t\t\t\t<\/div>\n\t\t\t\t\t<\/div>\n\t\t<\/div>\n\t\t\t\t\t<\/div>\n\t\t<\/section>\n\t\t\t\t\t<\/div>\n\t\t<\/div>\n\t\t\t\t\t<\/div>\n\t\t<\/section>\n\t\t\t\t<\/div>\n\t\t","protected":false},"excerpt":{"rendered":"<p>QUE HACEMOS Nuestros objetivos Acompa\u00f1arles Nuestro primer objetivo estar a su lado y sacarle una sonrisa. Conversar Nos gusta que nos cuente sus ilusiones, dejar que se exprese con total libertad. Terapia Son momentos que no olvidar\u00e1, una buena terapia en momentos dif\u00edciles. Un poco de histor\u00eda Comienzos 2017 Solo nos mueve la ilusi\u00f3n de [&hellip;]<\/p>\n","protected":false},"author":1,"featured_media":0,"parent":0,"menu_order":0,"comment_status":"closed","ping_status":"closed","template":"elementor_header_footer","meta":{"footnotes":""},"class_list":["post-4529","page","type-page","status-publish","hentry","without-image"],"_links":{"self":[{"href":"https:\/\/unninounasonrisa.com\/index.php\/wp-json\/wp\/v2\/pages\/4529","targetHints":{"allow":["GET"]}}],"collection":[{"href":"https:\/\/unninounasonrisa.com\/index.php\/wp-json\/wp\/v2\/pages"}],"about":[{"href":"https:\/\/unninounasonrisa.com\/index.php\/wp-json\/wp\/v2\/types\/page"}],"author":[{"embeddable":true,"href":"https:\/\/unninounasonrisa.com\/index.php\/wp-json\/wp\/v2\/users\/1"}],"replies":[{"embeddable":true,"href":"https:\/\/unninounasonrisa.com\/index.php\/wp-json\/wp\/v2\/comments?post=4529"}],"version-history":[{"count":37,"href":"https:\/\/unninounasonrisa.com\/index.php\/wp-json\/wp\/v2\/pages\/4529\/revisions"}],"predecessor-version":[{"id":4657,"href":"https:\/\/unninounasonrisa.com\/index.php\/wp-json\/wp\/v2\/pages\/4529\/revisions\/4657"}],"wp:attachment":[{"href":"https:\/\/unninounasonrisa.com\/index.php\/wp-json\/wp\/v2\/media?parent=4529"}],"curies":[{"name":"wp","href":"https:\/\/api.w.org\/{rel}","templated":true}]}}